{"id":12,"date":"2018-07-19T16:55:26","date_gmt":"2018-07-19T16:55:26","guid":{"rendered":"http:\/\/paviland.com\/wordpress\/?page_id=12"},"modified":"2019-02-24T20:08:21","modified_gmt":"2019-02-24T20:08:21","slug":"hormigon-impreso","status":"publish","type":"page","link":"https:\/\/paviland.com\/index.php\/hormigon-impreso\/","title":{"rendered":"Hormigon impreso"},"content":{"rendered":"<h4 style=\"font-size:20px; color:#003366; margin-bottom:2px;\">\n       Tel\u00e9fono: 634 178 561<\/h4>\n<h4 style=\"font-size:20px; color:#003366; margin-bottom:2px;\">\n       Tel\u00e9fono: 673 241 987<\/h4>\n<h4 style=\"font-size:16px; color:#003366; margin-bottom:2px;\">\n         info@paviland.com<\/h4>\n<p><strong>Pavimentos de hormig\u00f3n impreso&nbsp;<\/strong><br \/>\nEs un material a base de cementos, \u00e1ridos seleccionados y pigmentos de alta calidad que permiten obtener, partiendo de soleras de hormig\u00f3n fresco, un revestimiento superficial resistente y duradero, coloreado con distintos dise\u00f1os de formas y texturas (pizarra, adoquines, baldosas cer\u00e1micas&#8230;)<br \/>\nEl espesor puede variar seg\u00fan las necesidades del terreno y armado con mallazo electrosoldado de acero resistente a la flexotracci\u00f3n y fibra de polipropileno, la cual ayuda a evitar las fisuras por retracci\u00f3n.<\/p>\n<p><img loading=\"lazy\" decoding=\"async\" class=\"alignnone size-full wp-image-47\" src=\"https:\/\/paviland.com\/wordpress\/wp-content\/uploads\/2018\/07\/42.jpg\" alt=\"\" width=\"800\" height=\"541\" srcset=\"https:\/\/paviland.com\/wp-content\/uploads\/2018\/07\/42.jpg 800w, https:\/\/paviland.com\/wp-content\/uploads\/2018\/07\/42-768x519.jpg 768w\" sizes=\"auto, (max-width: 800px) 100vw, 800px\" \/><\/p>\n<p><strong>Pavimentos de hormig\u00f3n impreso&nbsp;<\/strong><br \/>\nUna vez que el&nbsp;<strong>hormig\u00f3n<\/strong>&nbsp;ha sido vertido y armado, el&nbsp;<strong>pavimento<\/strong>&nbsp;se colorea con endurecedores de s\u00edlice y cuarzo y se graba con moldes consiguiendo un revestimiento superficial continuo, resistente, duradero y con atractivas formas de piedra natural como adoquines, pizarra, piedras hexagonales, piedras de siller\u00eda y maderas. Los suelos de&nbsp;<strong>hormig\u00f3n impreso<\/strong>&nbsp;son v\u00e1lidos tanto para interiores como para exteriores, siendo en esta ultima donde tiene mayor funcionalidad. No necesita mantenimiento, y esto es una de las cosas que le diferencian de otro tipo de solados. Es el complemento ideal para su chalet.<\/p>\n<p><strong>Pavimentos de hormig\u00f3n impreso&nbsp;<\/strong>&#8211;&nbsp;<strong>Proceso de<span id=\"result_box\"><span title=\"executie\">&nbsp;ejecuci\u00f3n<\/span><\/span><\/strong><br \/>\nReplanteo de la solera, vertido y extendido del hormig\u00f3n, fratasado manual de la superficie, aplicaci\u00f3n del producto por espolvoreo, ejecuci\u00f3n de la textura deseada mediante la disposici\u00f3n de moldes aprovechando el&nbsp;<strong>hormig\u00f3n fresco<\/strong>, ejecuci\u00f3n de cortes de retracci\u00f3n (para evitar posible fisuraci\u00f3n del&nbsp;<strong>hormig\u00f3n<\/strong>), limpieza del pavimento mediante m\u00e1quina de agua a presi\u00f3n y finalmente aplicaci\u00f3n de resinas acr\u00edlicas de acabado superficial.<br \/>\nNuestros t\u00e9cnicos especializados en&nbsp;<strong>Hormig\u00f3n<\/strong>&nbsp;realizan el trabajo con total, calidad, rapidez y eficiencia, minimizando el tiempo de espera que usted tendr\u00e1.<\/p>\n<p>&nbsp;<\/p>\n","protected":false},"excerpt":{"rendered":"<p>Tel\u00e9fono: 634 178 561 Tel\u00e9fono: 673 241 987 info@paviland.com Pavimentos de hormig\u00f3n impreso&nbsp; Es un material a base de cementos, \u00e1ridos seleccionados y pigmentos de alta calidad que permiten obtener, partiendo de soleras de hormig\u00f3n fresco, un revestimiento superficial resistente y duradero, coloreado con distintos dise\u00f1os de formas y texturas (pizarra, adoquines, baldosas cer\u00e1micas&#8230;) El [&hellip;]<\/p>\n","protected":false},"author":1,"featured_media":0,"parent":0,"menu_order":0,"comment_status":"closed","ping_status":"closed","template":"fullwidth.php","meta":{"_vp_format_video_url":"","_vp_image_focal_point":[],"footnotes":""},"class_list":["post-12","page","type-page","status-publish","hentry"],"_links":{"self":[{"href":"https:\/\/paviland.com\/index.php\/wp-json\/wp\/v2\/pages\/12","targetHints":{"allow":["GET"]}}],"collection":[{"href":"https:\/\/paviland.com\/index.php\/wp-json\/wp\/v2\/pages"}],"about":[{"href":"https:\/\/paviland.com\/index.php\/wp-json\/wp\/v2\/types\/page"}],"author":[{"embeddable":true,"href":"https:\/\/paviland.com\/index.php\/wp-json\/wp\/v2\/users\/1"}],"replies":[{"embeddable":true,"href":"https:\/\/paviland.com\/index.php\/wp-json\/wp\/v2\/comments?post=12"}],"version-history":[{"count":5,"href":"https:\/\/paviland.com\/index.php\/wp-json\/wp\/v2\/pages\/12\/revisions"}],"predecessor-version":[{"id":224,"href":"https:\/\/paviland.com\/index.php\/wp-json\/wp\/v2\/pages\/12\/revisions\/224"}],"wp:attachment":[{"href":"https:\/\/paviland.com\/index.php\/wp-json\/wp\/v2\/media?parent=12"}],"curies":[{"name":"wp","href":"https:\/\/api.w.org\/{rel}","templated":true}]}}